{"id":2,"date":"2023-01-21T05:21:32","date_gmt":"2023-01-21T05:21:32","guid":{"rendered":"http:\/\/global-uve.com.mx\/?page_id=2"},"modified":"2023-01-21T20:24:41","modified_gmt":"2023-01-21T20:24:41","slug":"brief-history","status":"publish","type":"page","link":"https:\/\/global-uve.com.mx\/?page_id=2","title":{"rendered":"Breve Historia"},"content":{"rendered":"\t\t<div data-elementor-type=\"wp-page\" data-elementor-id=\"2\" class=\"elementor elementor-2\">\n\t\t\t\t\t\t<div class=\"elementor-inner\">\n\t\t\t\t<div class=\"elementor-section-wrap\">\n\t\t\t\t\t\t\t\t\t<section class=\"elementor-section elementor-top-section elementor-element elementor-element-6fefcae9 elementor-section-boxed elementor-section-height-default elementor-section-height-default\" data-id=\"6fefcae9\" data-element_type=\"section\">\n\t\t\t\t\t\t<div class=\"elementor-container elementor-column-gap-default\">\n\t\t\t\t\t\t\t<div class=\"elementor-row\">\n\t\t\t\t\t<div class=\"elementor-column elementor-col-100 elementor-top-column elementor-element elementor-element-63dbbd68\" data-id=\"63dbbd68\" data-element_type=\"column\">\n\t\t\t<div class=\"elementor-column-wrap elementor-element-populated\">\n\t\t\t\t\t\t\t<div class=\"elementor-widget-wrap\">\n\t\t\t\t\t\t<div class=\"elementor-element elementor-element-4cf66c2 elementor-widget elementor-widget-text-editor\" data-id=\"4cf66c2\" data-element_type=\"widget\" data-widget_type=\"text-editor.default\">\n\t\t\t\t<div class=\"elementor-widget-container\">\n\t\t\t\t\t\t\t\t<div class=\"elementor-text-editor elementor-clearfix\">\n\t\t\t\t<p><!-- wp:paragraph {\"align\":\"center\"} --><\/p>\n<p class=\"has-text-align-center\">En el a\u00f1o 2000 un grupo de amigos que hab\u00edan estudiado carreras de ingenier\u00eda y rubros similares, se iniciaron en el campo de emprender un nuevo prop\u00f3sito de empresa en el cual se planeaba monetizar con el uso de sus habilidades t\u00e9cnol\u00f3gicas y de ingenier\u00eda en diferentes \u00e1reas, y as\u00ed poder comercializar una serie de servicios de asesor\u00eda, planeaci\u00f3n, ejecuci\u00f3n y supervisi\u00f3n para instalaciones de audio profesional, video, iluminaci\u00f3n, obra civil, electricidad, redes y sistemas de c\u00f3mputo.<\/p>\n<p class=\"has-text-align-center\">\u00a0<\/p>\n<p><!-- \/wp:paragraph --><\/p>\n<p><!-- wp:quote {\"align\":\"left\"} --><\/p>\n<blockquote class=\"wp-block-quote has-text-align-left\">\n<p><!-- wp:paragraph {\"align\":\"center\"} --><\/p>\n<p class=\"has-text-align-center\">Con el paso de las \u00faltimas dos d\u00e9cadas, este modelo de negocio ha dado muchos buenos frutos y resultados, al tiempo que su natural evoluci\u00f3n ha conducido este proyecto a convertirse en una empresa s\u00f3lida y constituida con una estructura de colaboradores dedicados a las diferentes categor\u00edas de productos y servicios que ahora se ofrecen por medio de una Comercializadora Global.<\/p>\n<p class=\"has-text-align-center\">\u00a0<\/p>\n<p><!-- \/wp:paragraph --><cite>&#8220;Es un orgullo haber llegado hasta aqu\u00ed, con tanto esfuerzo, dedicaci\u00f3n, y a pesar de las contrariedades. Pero al final este resultado es el que realmente importa&#8221;<\/cite><\/p>\n<\/blockquote>\n<p><!-- \/wp:quote --><\/p>\n<p><!-- wp:paragraph --><\/p>\n<p>As\u00ed definimos el \u00e9xito alcanzdo a la fecha.<\/p>\n<p>\u00a0<\/p>\n<p><!-- \/wp:paragraph --><\/p>\n<p><!-- wp:quote --><\/p>\n<blockquote class=\"wp-block-quote\">\n<p><!-- wp:paragraph {\"align\":\"center\"} --><\/p>\n<p class=\"has-text-align-center\">En la actualidad nuestra empresa es llamada &#8220;Comercializadora Global UVE&#8221; y tenemos el beneficio de contar con una amplia gama de categor\u00edas de productos y servicios con los cuales podemos atender a cualquier cliente en la mayor\u00edade sus necesidades o planes, de manera integral y ofreciendo el plus de ser para &#8220;El Cliente&#8221; un \u00fanico proveedor para resolver todo un paquete de menesteres y requerimientos.<\/p>\n<p class=\"has-text-align-center\">\u00a0<\/p>\n<p><!-- \/wp:paragraph --><cite>&#8220;Es m\u00e1s conveniente tratar con un solo proveedor especialista en todos sus rubros que atienda todos mis proyectos, que lidiar con varios proveedores especialistas en un solo rubro&#8221;<\/cite><\/p>\n<\/blockquote>\n<p><!-- \/wp:quote --><\/p>\n<p><!-- wp:paragraph --><\/p>\n<p>\u00a0<\/p>\n<p><!-- \/wp:paragraph --><\/p>\t\t\t\t\t<\/div>\n\t\t\t\t\t\t<\/div>\n\t\t\t\t<\/div>\n\t\t\t\t\t\t<\/div>\n\t\t\t\t\t<\/div>\n\t\t<\/div>\n\t\t\t\t\t\t\t\t<\/div>\n\t\t\t\t\t<\/div>\n\t\t<\/section>\n\t\t\t\t<section class=\"elementor-section elementor-top-section elementor-element elementor-element-8256ec2 elementor-section-boxed elementor-section-height-default elementor-section-height-default\" data-id=\"8256ec2\" data-element_type=\"section\">\n\t\t\t\t\t\t<div class=\"elementor-container elementor-column-gap-default\">\n\t\t\t\t\t\t\t<div class=\"elementor-row\">\n\t\t\t\t\t<div class=\"elementor-column elementor-col-100 elementor-top-column elementor-element elementor-element-aee9274\" data-id=\"aee9274\" data-element_type=\"column\">\n\t\t\t<div class=\"elementor-column-wrap elementor-element-populated\">\n\t\t\t\t\t\t\t<div class=\"elementor-widget-wrap\">\n\t\t\t\t\t\t<div class=\"elementor-element elementor-element-6a334cb elementor-widget elementor-widget-spacer\" data-id=\"6a334cb\" data-element_type=\"widget\" data-widget_type=\"spacer.default\">\n\t\t\t\t<div class=\"elementor-widget-container\">\n\t\t\t\t\t<div class=\"elementor-spacer\">\n\t\t\t<div class=\"elementor-spacer-inner\"><\/div>\n\t\t<\/div>\n\t\t\t\t<\/div>\n\t\t\t\t<\/div>\n\t\t\t\t\t\t<\/div>\n\t\t\t\t\t<\/div>\n\t\t<\/div>\n\t\t\t\t\t\t\t\t<\/div>\n\t\t\t\t\t<\/div>\n\t\t<\/section>\n\t\t\t\t<section class=\"elementor-section elementor-top-section elementor-element elementor-element-bb021f3 elementor-section-boxed elementor-section-height-default elementor-section-height-default\" data-id=\"bb021f3\" data-element_type=\"section\">\n\t\t\t\t\t\t<div class=\"elementor-container elementor-column-gap-default\">\n\t\t\t\t\t\t\t<div class=\"elementor-row\">\n\t\t\t\t\t<div class=\"elementor-column elementor-col-100 elementor-top-column elementor-element elementor-element-37a397d\" data-id=\"37a397d\" data-element_type=\"column\">\n\t\t\t<div class=\"elementor-column-wrap elementor-element-populated\">\n\t\t\t\t\t\t\t<div class=\"elementor-widget-wrap\">\n\t\t\t\t\t\t<div class=\"elementor-element elementor-element-3bc9834 elementor-widget elementor-widget-heading\" data-id=\"3bc9834\" data-element_type=\"widget\" data-widget_type=\"heading.default\">\n\t\t\t\t<div class=\"elementor-widget-container\">\n\t\t\t<h2 class=\"elementor-heading-title elementor-size-large\">Nuestro proyecto de vida empresarial es servir y ser \u00fatiles en variados y distintos campos de servicio, cubriendo al 100% las necesidades, y superando las expectativas de nuestros clientes.<\/h2>\t\t<\/div>\n\t\t\t\t<\/div>\n\t\t\t\t\t\t<\/div>\n\t\t\t\t\t<\/div>\n\t\t<\/div>\n\t\t\t\t\t\t\t\t<\/div>\n\t\t\t\t\t<\/div>\n\t\t<\/section>\n\t\t\t\t<section class=\"elementor-section elementor-top-section elementor-element elementor-element-1bc2a65 elementor-section-boxed elementor-section-height-default elementor-section-height-default\" data-id=\"1bc2a65\" data-element_type=\"section\">\n\t\t\t\t\t\t<div class=\"elementor-container elementor-column-gap-default\">\n\t\t\t\t\t\t\t<div class=\"elementor-row\">\n\t\t\t\t\t<div class=\"elementor-column elementor-col-100 elementor-top-column elementor-element elementor-element-3be5bcc\" data-id=\"3be5bcc\" data-element_type=\"column\">\n\t\t\t<div class=\"elementor-column-wrap elementor-element-populated\">\n\t\t\t\t\t\t\t<div class=\"elementor-widget-wrap\">\n\t\t\t\t\t\t<div class=\"elementor-element elementor-element-d8626ec elementor-widget elementor-widget-spacer\" data-id=\"d8626ec\" data-element_type=\"widget\" data-widget_type=\"spacer.default\">\n\t\t\t\t<div class=\"elementor-widget-container\">\n\t\t\t\t\t<div class=\"elementor-spacer\">\n\t\t\t<div class=\"elementor-spacer-inner\"><\/div>\n\t\t<\/div>\n\t\t\t\t<\/div>\n\t\t\t\t<\/div>\n\t\t\t\t\t\t<\/div>\n\t\t\t\t\t<\/div>\n\t\t<\/div>\n\t\t\t\t\t\t\t\t<\/div>\n\t\t\t\t\t<\/div>\n\t\t<\/section>\n\t\t\t\t\t\t\t\t\t<\/div>\n\t\t\t<\/div>\n\t\t\t\t\t<\/div>\n\t\t","protected":false},"excerpt":{"rendered":"<p>En el a\u00f1o 2000 un grupo de amigos que hab\u00edan estudiado carreras de ingenier\u00eda y rubros similares, se iniciaron en el campo de emprender un nuevo prop\u00f3sito de empresa en el cual se planeaba monetizar con el uso de sus habilidades t\u00e9cnol\u00f3gicas y de ingenier\u00eda en diferentes \u00e1reas, y as\u00ed poder comercializar una serie de [&hellip;]<\/p>\n","protected":false},"author":1,"featured_media":0,"parent":0,"menu_order":0,"comment_status":"closed","ping_status":"closed","template":"","meta":{"footnotes":""},"class_list":["post-2","page","type-page","status-publish","hentry"],"_links":{"self":[{"href":"https:\/\/global-uve.com.mx\/index.php?rest_route=\/wp\/v2\/pages\/2","targetHints":{"allow":["GET"]}}],"collection":[{"href":"https:\/\/global-uve.com.mx\/index.php?rest_route=\/wp\/v2\/pages"}],"about":[{"href":"https:\/\/global-uve.com.mx\/index.php?rest_route=\/wp\/v2\/types\/page"}],"author":[{"embeddable":true,"href":"https:\/\/global-uve.com.mx\/index.php?rest_route=\/wp\/v2\/users\/1"}],"replies":[{"embeddable":true,"href":"https:\/\/global-uve.com.mx\/index.php?rest_route=%2Fwp%2Fv2%2Fcomments&post=2"}],"version-history":[{"count":23,"href":"https:\/\/global-uve.com.mx\/index.php?rest_route=\/wp\/v2\/pages\/2\/revisions"}],"predecessor-version":[{"id":979,"href":"https:\/\/global-uve.com.mx\/index.php?rest_route=\/wp\/v2\/pages\/2\/revisions\/979"}],"wp:attachment":[{"href":"https:\/\/global-uve.com.mx\/index.php?rest_route=%2Fwp%2Fv2%2Fmedia&parent=2"}],"curies":[{"name":"wp","href":"https:\/\/api.w.org\/{rel}","templated":true}]}}